{"id":11,"date":"2025-07-01T06:49:10","date_gmt":"2025-07-01T06:49:10","guid":{"rendered":"http:\/\/demos.artbees.net\/jupiter5\/carme\/?page_id=11"},"modified":"2026-03-11T10:52:35","modified_gmt":"2026-03-11T10:52:35","slug":"asesoras-del-hogar","status":"publish","type":"page","link":"https:\/\/www.nanaschile.cl\/inicio\/asesoras-del-hogar\/","title":{"rendered":"Trabaja con Nosotros"},"content":{"rendered":"[mk_page_section layout_structure=\u00bbhalf_right\u00bb bg_image=\u00bbhttps:\/\/www.nanaschile.cl\/inicio\/wp-content\/uploads\/2015\/09\/preguntas-entrevista-de-trabajo-880.jpg\u00bb bg_color=\u00bb#f0cac9&#8243;][vc_column][mk_padding_divider size=\u00bb80&#8243;][mk_fancy_title color=\u00bb#712b86&#8243; size=\u00bb35&#8243; font_weight=\u00bbbold\u00bb txt_transform=\u00bbuppercase\u00bb margin_bottom=\u00bb10&#8243; font_family=\u00bbPlayfair+Display\u00bb font_type=\u00bbgoogle\u00bb align=\u00bbcenter\u00bb animation=\u00bbright-to-left\u00bb]TRABAJA CON NOSOTROS[\/mk_fancy_title][vc_column_text align=\u00bbcenter\u00bb animation=\u00bbbottom-to-top\u00bb]\n<div style=\"color: #999999; font-size: 16px; text-align: justify; padding-bottom: 30px;\"><span style=\"color: #333333;\">Para resguardar tu seguridad, desde el inicio de la pandemia realizamos todo nuestro proceso de forma 100% online. Si deseas postular a nuestras ofertas como asesora de hogar, comun\u00edcate llamando o escribiendo al +56965686323.<\/span><\/div>\n<div style=\"color: #999999; font-size: 16px; text-align: justify; padding-bottom: 30px;\"><span style=\"color: #333333;\">Solo pueden postular personas con al menos dos a\u00f1os de recomendaciones verificables en Chile y que cuenten, como m\u00ednimo, con visa temporaria vigente.<\/span><\/div>\n[\/vc_column_text][mk_fancy_title color=\u00bb#712b86&#8243; size=\u00bb25&#8243; font_weight=\u00bbbold\u00bb txt_transform=\u00bbuppercase\u00bb margin_bottom=\u00bb0&#8243; font_family=\u00bbPlayfair+Display\u00bb font_type=\u00bbgoogle\u00bb]POSTULANTES:[\/mk_fancy_title][mk_custom_list style=\u00bbe32c\u00bb icon_color=\u00bb#712b86&#8243;]\n<ul style=\"font-size: 16px;\">\n<li><span style=\"color: #333333;\">De cualquier nacionalidad, con manejo fluido del espa\u00f1ol.<\/span><\/li>\n<li><span style=\"color: #333333;\">Con experiencia trabajando en casa o estudios relacionados con cuidado de ni\u00f1os o pacientes.<\/span><\/li>\n<\/ul>\n[\/mk_custom_list][vc_column_text align=\u00bbcenter\u00bb animation=\u00bbbottom-to-top\u00bb]\n<div style=\"color: #999999; font-size: 16px; text-align: justify; padding-bottom: 30px;\"><span style=\"color: #333333;\">Al momento de la entrevista te pediremos copia de tu certificado de antecedentes al d\u00eda, recomendaciones, certificado de residencia o cuenta de agua o luz.<\/span><\/div>\n[\/vc_column_text][mk_custom_list style=\u00bbe32c\u00bb icon_color=\u00bb#712b86&#8243;]\n<ul style=\"font-size: 16px;\">\n<li><span style=\"color: #333333;\">No te pedimos fotograf\u00edas, eso no es legal en nuestro pa\u00eds, no te pongas en vitrina someti\u00e9ndote a discriminaci\u00f3n.<\/span><\/li>\n<li><span style=\"color: #333333;\">La inscripci\u00f3n es totalmente gratuita.<\/span><\/li>\n<\/ul>\n[\/mk_custom_list][vc_column_text align=\u00bbcenter\u00bb animation=\u00bbbottom-to-top\u00bb]\n<div style=\"color: #999999; font-size: 16px; text-align: justify; padding-bottom: 30px;\"><span style=\"color: #333333;\">Velamos por tu seguridad y tu buen trato en el trabajo, tienes todo nuestro respaldo.<\/span><\/div>\n[\/vc_column_text][vc_column_text align=\u00bbcenter\u00bb animation=\u00bbbottom-to-top\u00bb]\n<div style=\"color: #999999; font-size: 15px; text-align: justify;\"><span style=\"color: #000000;\">*Por favor no nos escribas mensajes, todas las postulantes deben ir personalmente a la agencia<\/span><\/div>\n[\/vc_column_text][mk_padding_divider size=\u00bb80&#8243;][\/vc_column][\/mk_page_section]\n","protected":false},"excerpt":{"rendered":"<p>[mk_page_section layout_structure=\u00bbhalf_right\u00bb bg_image=\u00bbhttps:\/\/www.nanaschile.cl\/inicio\/wp-content\/uploads\/2015\/09\/preguntas-entrevista-de-trabajo-880.jpg\u00bb bg_color=\u00bb#f0cac9&#8243;][vc_column][mk_padding_divider size=\u00bb80&#8243;][mk_fancy_title color=\u00bb#712b86&#8243; size=\u00bb35&#8243; font_weight=\u00bbbold\u00bb txt_transform=\u00bbuppercase\u00bb margin_bottom=\u00bb10&#8243; font_family=\u00bbPlayfair+Display\u00bb font_type=\u00bbgoogle\u00bb align=\u00bbcenter\u00bb animation=\u00bbright-to-left\u00bb]TRABAJA CON NOSOTROS[\/mk_fancy_title][vc_column_text align=\u00bbcenter\u00bb animation=\u00bbbottom-to-top\u00bb] Para resguardar tu seguridad, desde el inicio de la pandemia realizamos todo nuestro proceso de forma 100% online. Si deseas postular a nuestras ofertas como asesora de hogar, comun\u00edcate llamando o escribiendo al +56965686323. Solo pueden postular [&hellip;]<\/p>\n","protected":false},"author":1,"featured_media":0,"parent":0,"menu_order":0,"comment_status":"closed","ping_status":"closed","template":"","meta":{"footnotes":""},"class_list":["post-11","page","type-page","status-publish","hentry"],"yoast_head":"<!-- This site is optimized with the Yoast SEO plugin v27.4 - https:\/\/yoast.com\/product\/yoast-seo-wordpress\/ -->\n<title>Asesoras del Hogar Puertas Afuera, Adentro, Part Time \/ Nanas<\/title>\n<meta name=\"description\" content=\"Asesoras del Hogar Puertas Afuera. \u00danica agencia en Santiago con selecci\u00f3n psicol\u00f3gica. Servicio garantizado y m\u00e1xima confiabilidad\" \/>\n<meta name=\"robots\" content=\"index, follow, max-snippet:-1, max-image-preview:large, max-video-preview:-1\" \/>\n<link rel=\"canonical\" href=\"https:\/\/www.nanaschile.cl\/inicio\/asesoras-del-hogar\/\" \/>\n<meta property=\"og:locale\" content=\"es_ES\" \/>\n<meta property=\"og:type\" content=\"article\" \/>\n<meta property=\"og:title\" content=\"Asesoras del Hogar Puertas Afuera, Adentro, Part Time \/ Nanas\" \/>\n<meta property=\"og:description\" content=\"Asesoras del Hogar Puertas Afuera. \u00danica agencia en Santiago con selecci\u00f3n psicol\u00f3gica. Servicio garantizado y m\u00e1xima confiabilidad\" \/>\n<meta property=\"og:url\" content=\"https:\/\/www.nanaschile.cl\/inicio\/asesoras-del-hogar\/\" \/>\n<meta property=\"og:site_name\" content=\"NanasChile\" \/>\n<meta property=\"article:publisher\" content=\"https:\/\/web.facebook.com\/regionesdechile\" \/>\n<meta property=\"article:modified_time\" content=\"2026-03-11T10:52:35+00:00\" \/>\n<meta name=\"twitter:card\" content=\"summary_large_image\" \/>\n<meta name=\"twitter:site\" content=\"@nanaschile\" \/>\n<meta name=\"twitter:label1\" content=\"Tiempo de lectura\" \/>\n\t<meta name=\"twitter:data1\" content=\"1 minuto\" \/>\n<script type=\"application\/ld+json\" class=\"yoast-schema-graph\">{\"@context\":\"https:\\\/\\\/schema.org\",\"@graph\":[{\"@type\":\"WebPage\",\"@id\":\"https:\\\/\\\/www.nanaschile.cl\\\/inicio\\\/asesoras-del-hogar\\\/\",\"url\":\"https:\\\/\\\/www.nanaschile.cl\\\/inicio\\\/asesoras-del-hogar\\\/\",\"name\":\"Asesoras del Hogar Puertas Afuera, Adentro, Part Time \\\/ Nanas\",\"isPartOf\":{\"@id\":\"https:\\\/\\\/www.nanaschile.cl\\\/inicio\\\/#website\"},\"datePublished\":\"2025-07-01T06:49:10+00:00\",\"dateModified\":\"2026-03-11T10:52:35+00:00\",\"description\":\"Asesoras del Hogar Puertas Afuera. \u00danica agencia en Santiago con selecci\u00f3n psicol\u00f3gica. Servicio garantizado y m\u00e1xima confiabilidad\",\"breadcrumb\":{\"@id\":\"https:\\\/\\\/www.nanaschile.cl\\\/inicio\\\/asesoras-del-hogar\\\/#breadcrumb\"},\"inLanguage\":\"es\",\"potentialAction\":[{\"@type\":\"ReadAction\",\"target\":[\"https:\\\/\\\/www.nanaschile.cl\\\/inicio\\\/asesoras-del-hogar\\\/\"]}]},{\"@type\":\"BreadcrumbList\",\"@id\":\"https:\\\/\\\/www.nanaschile.cl\\\/inicio\\\/asesoras-del-hogar\\\/#breadcrumb\",\"itemListElement\":[{\"@type\":\"ListItem\",\"position\":1,\"name\":\"Home\",\"item\":\"https:\\\/\\\/www.nanaschile.cl\\\/inicio\\\/\"},{\"@type\":\"ListItem\",\"position\":2,\"name\":\"Trabaja con Nosotros\"}]},{\"@type\":\"WebSite\",\"@id\":\"https:\\\/\\\/www.nanaschile.cl\\\/inicio\\\/#website\",\"url\":\"https:\\\/\\\/www.nanaschile.cl\\\/inicio\\\/\",\"name\":\"NanasChile\",\"description\":\"Agencia de nanas\",\"publisher\":{\"@id\":\"https:\\\/\\\/www.nanaschile.cl\\\/inicio\\\/#organization\"},\"potentialAction\":[{\"@type\":\"SearchAction\",\"target\":{\"@type\":\"EntryPoint\",\"urlTemplate\":\"https:\\\/\\\/www.nanaschile.cl\\\/inicio\\\/?s={search_term_string}\"},\"query-input\":{\"@type\":\"PropertyValueSpecification\",\"valueRequired\":true,\"valueName\":\"search_term_string\"}}],\"inLanguage\":\"es\"},{\"@type\":\"Organization\",\"@id\":\"https:\\\/\\\/www.nanaschile.cl\\\/inicio\\\/#organization\",\"name\":\"NanasChile\",\"url\":\"https:\\\/\\\/www.nanaschile.cl\\\/inicio\\\/\",\"logo\":{\"@type\":\"ImageObject\",\"inLanguage\":\"es\",\"@id\":\"https:\\\/\\\/www.nanaschile.cl\\\/inicio\\\/#\\\/schema\\\/logo\\\/image\\\/\",\"url\":\"https:\\\/\\\/www.nanaschile.cl\\\/inicio\\\/wp-content\\\/uploads\\\/2016\\\/08\\\/nanas-logo-2.png\",\"contentUrl\":\"https:\\\/\\\/www.nanaschile.cl\\\/inicio\\\/wp-content\\\/uploads\\\/2016\\\/08\\\/nanas-logo-2.png\",\"width\":106,\"height\":48,\"caption\":\"NanasChile\"},\"image\":{\"@id\":\"https:\\\/\\\/www.nanaschile.cl\\\/inicio\\\/#\\\/schema\\\/logo\\\/image\\\/\"},\"sameAs\":[\"https:\\\/\\\/web.facebook.com\\\/regionesdechile\",\"https:\\\/\\\/x.com\\\/nanaschile\"]}]}<\/script>\n<!-- \/ Yoast SEO plugin. -->","yoast_head_json":{"title":"Asesoras del Hogar Puertas Afuera, Adentro, Part Time \/ Nanas","description":"Asesoras del Hogar Puertas Afuera. \u00danica agencia en Santiago con selecci\u00f3n psicol\u00f3gica. Servicio garantizado y m\u00e1xima confiabilidad","robots":{"index":"index","follow":"follow","max-snippet":"max-snippet:-1","max-image-preview":"max-image-preview:large","max-video-preview":"max-video-preview:-1"},"canonical":"https:\/\/www.nanaschile.cl\/inicio\/asesoras-del-hogar\/","og_locale":"es_ES","og_type":"article","og_title":"Asesoras del Hogar Puertas Afuera, Adentro, Part Time \/ Nanas","og_description":"Asesoras del Hogar Puertas Afuera. \u00danica agencia en Santiago con selecci\u00f3n psicol\u00f3gica. Servicio garantizado y m\u00e1xima confiabilidad","og_url":"https:\/\/www.nanaschile.cl\/inicio\/asesoras-del-hogar\/","og_site_name":"NanasChile","article_publisher":"https:\/\/web.facebook.com\/regionesdechile","article_modified_time":"2026-03-11T10:52:35+00:00","twitter_card":"summary_large_image","twitter_site":"@nanaschile","twitter_misc":{"Tiempo de lectura":"1 minuto"},"schema":{"@context":"https:\/\/schema.org","@graph":[{"@type":"WebPage","@id":"https:\/\/www.nanaschile.cl\/inicio\/asesoras-del-hogar\/","url":"https:\/\/www.nanaschile.cl\/inicio\/asesoras-del-hogar\/","name":"Asesoras del Hogar Puertas Afuera, Adentro, Part Time \/ Nanas","isPartOf":{"@id":"https:\/\/www.nanaschile.cl\/inicio\/#website"},"datePublished":"2025-07-01T06:49:10+00:00","dateModified":"2026-03-11T10:52:35+00:00","description":"Asesoras del Hogar Puertas Afuera. \u00danica agencia en Santiago con selecci\u00f3n psicol\u00f3gica. Servicio garantizado y m\u00e1xima confiabilidad","breadcrumb":{"@id":"https:\/\/www.nanaschile.cl\/inicio\/asesoras-del-hogar\/#breadcrumb"},"inLanguage":"es","potentialAction":[{"@type":"ReadAction","target":["https:\/\/www.nanaschile.cl\/inicio\/asesoras-del-hogar\/"]}]},{"@type":"BreadcrumbList","@id":"https:\/\/www.nanaschile.cl\/inicio\/asesoras-del-hogar\/#breadcrumb","itemListElement":[{"@type":"ListItem","position":1,"name":"Home","item":"https:\/\/www.nanaschile.cl\/inicio\/"},{"@type":"ListItem","position":2,"name":"Trabaja con Nosotros"}]},{"@type":"WebSite","@id":"https:\/\/www.nanaschile.cl\/inicio\/#website","url":"https:\/\/www.nanaschile.cl\/inicio\/","name":"NanasChile","description":"Agencia de nanas","publisher":{"@id":"https:\/\/www.nanaschile.cl\/inicio\/#organization"},"potentialAction":[{"@type":"SearchAction","target":{"@type":"EntryPoint","urlTemplate":"https:\/\/www.nanaschile.cl\/inicio\/?s={search_term_string}"},"query-input":{"@type":"PropertyValueSpecification","valueRequired":true,"valueName":"search_term_string"}}],"inLanguage":"es"},{"@type":"Organization","@id":"https:\/\/www.nanaschile.cl\/inicio\/#organization","name":"NanasChile","url":"https:\/\/www.nanaschile.cl\/inicio\/","logo":{"@type":"ImageObject","inLanguage":"es","@id":"https:\/\/www.nanaschile.cl\/inicio\/#\/schema\/logo\/image\/","url":"https:\/\/www.nanaschile.cl\/inicio\/wp-content\/uploads\/2016\/08\/nanas-logo-2.png","contentUrl":"https:\/\/www.nanaschile.cl\/inicio\/wp-content\/uploads\/2016\/08\/nanas-logo-2.png","width":106,"height":48,"caption":"NanasChile"},"image":{"@id":"https:\/\/www.nanaschile.cl\/inicio\/#\/schema\/logo\/image\/"},"sameAs":["https:\/\/web.facebook.com\/regionesdechile","https:\/\/x.com\/nanaschile"]}]}},"_links":{"self":[{"href":"https:\/\/www.nanaschile.cl\/inicio\/wp-json\/wp\/v2\/pages\/11","targetHints":{"allow":["GET"]}}],"collection":[{"href":"https:\/\/www.nanaschile.cl\/inicio\/wp-json\/wp\/v2\/pages"}],"about":[{"href":"https:\/\/www.nanaschile.cl\/inicio\/wp-json\/wp\/v2\/types\/page"}],"author":[{"embeddable":true,"href":"https:\/\/www.nanaschile.cl\/inicio\/wp-json\/wp\/v2\/users\/1"}],"replies":[{"embeddable":true,"href":"https:\/\/www.nanaschile.cl\/inicio\/wp-json\/wp\/v2\/comments?post=11"}],"version-history":[{"count":7,"href":"https:\/\/www.nanaschile.cl\/inicio\/wp-json\/wp\/v2\/pages\/11\/revisions"}],"predecessor-version":[{"id":1038,"href":"https:\/\/www.nanaschile.cl\/inicio\/wp-json\/wp\/v2\/pages\/11\/revisions\/1038"}],"wp:attachment":[{"href":"https:\/\/www.nanaschile.cl\/inicio\/wp-json\/wp\/v2\/media?parent=11"}],"curies":[{"name":"wp","href":"https:\/\/api.w.org\/{rel}","templated":true}]}}