{"id":13,"date":"2025-07-01T06:49:31","date_gmt":"2025-07-01T06:49:31","guid":{"rendered":"http:\/\/demos.artbees.net\/jupiter5\/carme\/?page_id=13"},"modified":"2025-12-31T22:22:05","modified_gmt":"2025-12-31T22:22:05","slug":"agencia-de-empleo","status":"publish","type":"page","link":"https:\/\/www.nanaschile.cl\/inicio\/agencia-de-empleo\/","title":{"rendered":"Contacto"},"content":{"rendered":"[vc_row css=\u00bb.vc_custom_1472048779010{background-image: url(https:\/\/www.nanaschile.cl\/inicio\/wp-content\/uploads\/2015\/09\/nanas-banner-11-2.jpg?id=686) !important;background-position: center !important;background-repeat: no-repeat !important;background-size: cover !important;}\u00bb][vc_column][mk_padding_divider size=\u00bb100&#8243;][\/vc_column][vc_column width=\u00bb1\/3&#8243;][\/vc_column][vc_column width=\u00bb1\/3&#8243;][mk_fancy_title color=\u00bb#712b86&#8243; size=\u00bb30&#8243; font_weight=\u00bbbold\u00bb txt_transform=\u00bbnone\u00bb letter_spacing=\u00bb2&#8243; font_family=\u00bbPlayfair+Display\u00bb font_type=\u00bbgoogle\u00bb align=\u00bbcenter\u00bb animation=\u00bbright-to-left\u00bb]Escr\u00edbenos un Mensaje[\/mk_fancy_title][mk_fancy_title color=\u00bb#222222&#8243; size=\u00bb18&#8243; font_style=\u00bbitalic\u00bb font_family=\u00bbPlayfair+Display\u00bb font_type=\u00bbgoogle\u00bb align=\u00bbcenter\u00bb animation=\u00bbright-to-left\u00bb]No esperes y despeja tus dudas[\/mk_fancy_title][vc_raw_html]JTIwJTIwJTIwJTNDZGl2JTIwaWQlM0QlMjJmb3JtLW1TbFBMb0dJNlYlMjIlM0UlM0MlMkZkaXYlM0UlMEElMjAlMjAlMjAlMjAlMjAlMjAlMEElMjAlMjAlMjAlMjAlMjAlMjAlMEElMjAlMjAlMjAlMjAlMjAlMjAlMjAlMjAlM0NzY3JpcHQlMjB0eXBlJTNEJTIydGV4dCUyRmphdmFzY3JpcHQlMjIlM0UlMEElMjAlMjAlMjAlMjAlMjAlMjAlMjAlMjAlMjhmdW5jdGlvbiUyOCUyOSUyMCU3QiUyMHZhciUyMHMlMjAlM0QlMjBkb2N1bWVudC5jcmVhdGVFbGVtZW50JTI4JTI3c2NyaXB0JTI3JTI5JTNCJTBBJTIwJTIwJTIwJTIwJTIwJTIwJTIwJTIwcy50eXBlJTIwJTNEJTIwJTI3dGV4dCUyRmphdmFzY3JpcHQlMjclM0JzLmFzeW5jJTIwJTNEJTIwdHJ1ZSUzQiUwQSUyMCUyMCUyMCUyMCUyMCUyMCUyMCUyMHMuc3JjJTIwJTNEJTIwJTI3JTJGJTJGaW5mb3JtZXMudHVzY2xpY2tzLmRpZ2l0YWwlMkZhcGklMkZ2MSUyRmdlbmVyYXRvciUyRmZvcm0lMkZleUpwZGlJNkltSmtVV0pPT1ZoNFpFMTZiMmRzYW1wamEwc3lObmM5UFNJc0luWmhiSFZsSWpvaU9VTnNaVlU0WEM5Nk9UaE1ja2RxZW5ncmRraExVbWM5UFNJc0ltMWhZeUk2SWpVMFkyVXlZams1TXpJME56ZGtOREUwWXprMk1HUXlOREppWVRZeE1XUmpPVEEyTmpBelltRTBPRGxpWXpZNE1HVXpOVE13TTJZd1pUVTRPVFF3TXpnaWZRJTNEJTNEJTJGZm9ybS1tU2xQTG9HSTZWJTI3JTNCJTBBJTIwJTIwJTIwJTIwJTIwJTIwJTIwJTIwdmFyJTIwYyUyMCUzRCUyMGRvY3VtZW50LmdldEVsZW1lbnRzQnlUYWdOYW1lJTI4JTI3c2NyaXB0JTI3JTI5JTVCMCU1RCUzQmMucGFyZW50Tm9kZS5pbnNlcnRCZWZvcmUlMjhzJTJDJTIwYyUyOSUzQiU3RCUyOSUyOCUyOSUzQiUwQSUyMCUyMCUyMCUyMCUyMCUyMCUyMCUyMCUzQyUyRnNjcmlwdCUzRSUwQSUyMCUyMCUyMCUyMCUyMCUyMA==[\/vc_raw_html][\/vc_column][vc_column width=\u00bb1\/3&#8243;][mk_fancy_title color=\u00bb#712b86&#8243; size=\u00bb30&#8243; font_weight=\u00bbbold\u00bb letter_spacing=\u00bb2&#8243; font_family=\u00bbPlayfair+Display\u00bb font_type=\u00bbgoogle\u00bb align=\u00bbcenter\u00bb animation=\u00bbleft-to-right\u00bb]Informaci\u00f3n de Contacto[\/mk_fancy_title][mk_icon_box2 icon_size=\u00bb32&#8243; icon=\u00bbmk-moon-location\u00bb icon_color=\u00bb#712b86&#8243;\u00a0 title_size=\u00bb21&#8243; title_color=\u00bb#712b86&#8243; title_top_padding=\u00bb0&#8243; title_bottom_padding=\u00bb0&#8243; animation=\u00bbbottom-to-top\u00bb]\n<div style=\"font-size: 18px; color: #999999;\"><\/div>\n[\/mk_icon_box2][mk_padding_divider size=\u00bb10&#8243;][mk_icon_box2 icon_size=\u00bb32&#8243; icon=\u00bbmk-icon-phone\u00bb icon_color=\u00bb#712b86&#8243; title=\u00bbTEL\u00c9FONOS\u00bb title_size=\u00bb21&#8243; title_color=\u00bb#712b86&#8243; title_top_padding=\u00bb0&#8243; title_bottom_padding=\u00bb0&#8243; animation=\u00bbbottom-to-top\u00bb]\n<h1 style=\"font-size: 18px; color: #999999;\"><span style=\"color: #333333;\">Contacto Clientes (CEL)+569 4264 6753<\/span><\/h1>\n<h4>Contacto Asesoras del Hogar (CEL)+56965686323<\/h4>\n[\/mk_icon_box2][mk_padding_divider size=\u00bb10&#8243;][mk_icon_box2 icon_size=\u00bb32&#8243; icon=\u00bbmk-moon-mail-send\u00bb icon_color=\u00bb#712b86&#8243; title=\u00bbEMAIL\u00bb title_size=\u00bb21&#8243; title_color=\u00bb#712b86&#8243; title_top_padding=\u00bb0&#8243; title_bottom_padding=\u00bb0&#8243; animation=\u00bbbottom-to-top\u00bb]\n<div style=\"font-size: 18px; color: #999999;\"><a class=\"moz-txt-link-abbreviated\" href=\"mailto:misnanaschile@gmail.com\">misnanaschile@gmail.com<\/a><\/div>\n[\/mk_icon_box2][mk_padding_divider][mk_icon_box2 icon_type=\u00bbimage\u00bb icon_size=\u00bb32&#8243; icon_image=\u00bbhttps:\/\/www.nanaschile.cl\/inicio\/wp-content\/uploads\/2018\/06\/whatsapp.png\u00bb title=\u00bbWHATSAPP\u00bb title_size=\u00bb21&#8243; title_color=\u00bb#712b86&#8243; title_top_padding=\u00bb0&#8243; title_bottom_padding=\u00bb0&#8243; animation=\u00bbbottom-to-top\u00bb]<span style=\"color: #333333;\"><a style=\"color: #333333;\" href=\"https:\/\/api.whatsapp.com\/send?phone=56942646753\">+56942646753<\/a><\/span>[\/mk_icon_box2][\/vc_column][vc_column][mk_padding_divider size=\u00bb80&#8243;][\/vc_column][\/vc_row][vc_row fullwidth=\u00bbtrue\u00bb][vc_column][vc_gmaps link=\u00bb#E-8_JTNDaWZyYW1lJTIwc3JjJTNEJTIyaHR0cHMlM0ElMkYlMkZ3d3cuZ29vZ2xlLmNvbSUyRm1hcHMlMkZlbWJlZCUzRnBiJTNEJTIxMW0xOCUyMTFtMTIlMjExbTMlMjExZDMzMjkuMzg1NDIzNTQ5MDQ4NSUyMTJkLTcwLjY1NzQwNDE4NDgwMDk1JTIxM2QtMzMuNDM5MjYzNjgwNzc3MTMlMjEybTMlMjExZjAlMjEyZjAlMjEzZjAlMjEzbTIlMjExaTEwMjQlMjEyaTc2OCUyMTRmMTMuMSUyMTNtMyUyMTFtMiUyMTFzMHg5NjYyYzVhNWJhYjkxNWM1JTI1M0EweDliZGQwNDIxZjQ1NTk5MjklMjEyc1RlYXRpbm9zJTJCMzcxJTI1MkMlMkJTYW50aWFnbyUyNTJDJTJCUmVnaSUyNUMzJTI1QjNuJTJCTWV0cm9wb2xpdGFuYSUyMTVlMCUyMTNtMiUyMTFzZXMlMjEyc2NsJTIxNHYxNDk0MDE2NzE4NjQ0JTIyJTIwd2lkdGglM0QlMjIxMDAlMjUlMjIlMjBoZWlnaHQlM0QlMjI0NTAlMjIlMjBmcmFtZWJvcmRlciUzRCUyMjAlMjIlMjBzdHlsZSUzRCUyMmJvcmRlciUzQTAlMjIlMjBhbGxvd2Z1bGxzY3JlZW4lM0UlM0MlMkZpZnJhbWUlM0U=\u00bb][\/vc_column][\/vc_row][mk_page_section bg_color=\u00bb#e5e5e5&#8243; padding_top=\u00bb50&#8243; padding_bottom=\u00bb50&#8243; sidebar=\u00bbsidebar-1&#8243;][vc_column][vc_column_text]<a title=\"TusClicks\" href=\"https:\/\/www.tusclicks.digital\" target=\"_blank\" rel=\"noopener\"><img decoding=\"async\" style=\"height: 24px;\" data-src=\"https:\/\/tusclicks.digital\/logos-tusclicks\/firma-footer.png\" src=\"data:image\/svg+xml;base64,PHN2ZyB3aWR0aD0iMSIgaGVpZ2h0PSIxIiB4bWxucz0iaHR0cDovL3d3dy53My5vcmcvMjAwMC9zdmciPjwvc3ZnPg==\" class=\"lazyload\" \/><\/a>[\/vc_column_text][\/vc_column][\/mk_page_section]\n","protected":false},"excerpt":{"rendered":"<p>[vc_row css=\u00bb.vc_custom_1472048779010{background-image: url(https:\/\/www.nanaschile.cl\/inicio\/wp-content\/uploads\/2015\/09\/nanas-banner-11-2.jpg?id=686) !important;background-position: center !important;background-repeat: no-repeat !important;background-size: cover !important;}\u00bb][vc_column][mk_padding_divider size=\u00bb100&#8243;][\/vc_column][vc_column width=\u00bb1\/3&#8243;][\/vc_column][vc_column width=\u00bb1\/3&#8243;][mk_fancy_title color=\u00bb#712b86&#8243; size=\u00bb30&#8243; font_weight=\u00bbbold\u00bb txt_transform=\u00bbnone\u00bb letter_spacing=\u00bb2&#8243; font_family=\u00bbPlayfair+Display\u00bb font_type=\u00bbgoogle\u00bb align=\u00bbcenter\u00bb animation=\u00bbright-to-left\u00bb]Escr\u00edbenos un Mensaje[\/mk_fancy_title][mk_fancy_title color=\u00bb#222222&#8243; size=\u00bb18&#8243; font_style=\u00bbitalic\u00bb font_family=\u00bbPlayfair+Display\u00bb font_type=\u00bbgoogle\u00bb align=\u00bbcenter\u00bb animation=\u00bbright-to-left\u00bb]No esperes y despeja tus dudas[\/mk_fancy_title][vc_raw_html]JTIwJTIwJTIwJTNDZGl2JTIwaWQlM0QlMjJmb3JtLW1TbFBMb0dJNlYlMjIlM0UlM0MlMkZkaXYlM0UlMEElMjAlMjAlMjAlMjAlMjAlMjAlMEElMjAlMjAlMjAlMjAlMjAlMjAlMEElMjAlMjAlMjAlMjAlMjAlMjAlMjAlMjAlM0NzY3JpcHQlMjB0eXBlJTNEJTIydGV4dCUyRmphdmFzY3JpcHQlMjIlM0UlMEElMjAlMjAlMjAlMjAlMjAlMjAlMjAlMjAlMjhmdW5jdGlvbiUyOCUyOSUyMCU3QiUyMHZhciUyMHMlMjAlM0QlMjBkb2N1bWVudC5jcmVhdGVFbGVtZW50JTI4JTI3c2NyaXB0JTI3JTI5JTNCJTBBJTIwJTIwJTIwJTIwJTIwJTIwJTIwJTIwcy50eXBlJTIwJTNEJTIwJTI3dGV4dCUyRmphdmFzY3JpcHQlMjclM0JzLmFzeW5jJTIwJTNEJTIwdHJ1ZSUzQiUwQSUyMCUyMCUyMCUyMCUyMCUyMCUyMCUyMHMuc3JjJTIwJTNEJTIwJTI3JTJGJTJGaW5mb3JtZXMudHVzY2xpY2tzLmRpZ2l0YWwlMkZhcGklMkZ2MSUyRmdlbmVyYXRvciUyRmZvcm0lMkZleUpwZGlJNkltSmtVV0pPT1ZoNFpFMTZiMmRzYW1wamEwc3lObmM5UFNJc0luWmhiSFZsSWpvaU9VTnNaVlU0WEM5Nk9UaE1ja2RxZW5ncmRraExVbWM5UFNJc0ltMWhZeUk2SWpVMFkyVXlZams1TXpJME56ZGtOREUwWXprMk1HUXlOREppWVRZeE1XUmpPVEEyTmpBelltRTBPRGxpWXpZNE1HVXpOVE13TTJZd1pUVTRPVFF3TXpnaWZRJTNEJTNEJTJGZm9ybS1tU2xQTG9HSTZWJTI3JTNCJTBBJTIwJTIwJTIwJTIwJTIwJTIwJTIwJTIwdmFyJTIwYyUyMCUzRCUyMGRvY3VtZW50LmdldEVsZW1lbnRzQnlUYWdOYW1lJTI4JTI3c2NyaXB0JTI3JTI5JTVCMCU1RCUzQmMucGFyZW50Tm9kZS5pbnNlcnRCZWZvcmUlMjhzJTJDJTIwYyUyOSUzQiU3RCUyOSUyOCUyOSUzQiUwQSUyMCUyMCUyMCUyMCUyMCUyMCUyMCUyMCUzQyUyRnNjcmlwdCUzRSUwQSUyMCUyMCUyMCUyMCUyMCUyMA==[\/vc_raw_html][\/vc_column][vc_column width=\u00bb1\/3&#8243;][mk_fancy_title color=\u00bb#712b86&#8243; size=\u00bb30&#8243; font_weight=\u00bbbold\u00bb letter_spacing=\u00bb2&#8243; font_family=\u00bbPlayfair+Display\u00bb font_type=\u00bbgoogle\u00bb align=\u00bbcenter\u00bb animation=\u00bbleft-to-right\u00bb]Informaci\u00f3n de Contacto[\/mk_fancy_title][mk_icon_box2 icon_size=\u00bb32&#8243; icon=\u00bbmk-moon-location\u00bb icon_color=\u00bb#712b86&#8243;\u00a0 title_size=\u00bb21&#8243; title_color=\u00bb#712b86&#8243; title_top_padding=\u00bb0&#8243; title_bottom_padding=\u00bb0&#8243; animation=\u00bbbottom-to-top\u00bb] [&hellip;]<\/p>\n","protected":false},"author":1,"featured_media":0,"parent":0,"menu_order":0,"comment_status":"closed","ping_status":"closed","template":"","meta":{"footnotes":""},"class_list":["post-13","page","type-page","status-publish","hentry"],"yoast_head":"<!-- This site is optimized with the Yoast SEO plugin v27.5 - https:\/\/yoast.com\/product\/yoast-seo-wordpress\/ -->\n<title>Agencia de Nanas, Puertas Adentro, Afuera, por d\u00edas. Cuidadoras<\/title>\n<meta name=\"description\" content=\"Asesoras del hogar en Santiago, ni\u00f1eras, cuidadoras. Todas con Selecci\u00f3n psicol\u00f3gica. Especialistas en cuidado de ni\u00f1os y adultos mayores.\" \/>\n<meta name=\"robots\" content=\"index, follow, max-snippet:-1, max-image-preview:large, max-video-preview:-1\" \/>\n<link rel=\"canonical\" href=\"https:\/\/www.nanaschile.cl\/inicio\/agencia-de-empleo\/\" \/>\n<meta property=\"og:locale\" content=\"es_ES\" \/>\n<meta property=\"og:type\" content=\"article\" \/>\n<meta property=\"og:title\" content=\"Agencia de Nanas, Puertas Adentro, Afuera, por d\u00edas. Cuidadoras\" \/>\n<meta property=\"og:description\" content=\"Asesoras del hogar en Santiago, ni\u00f1eras, cuidadoras. Todas con Selecci\u00f3n psicol\u00f3gica. Especialistas en cuidado de ni\u00f1os y adultos mayores.\" \/>\n<meta property=\"og:url\" content=\"https:\/\/www.nanaschile.cl\/inicio\/agencia-de-empleo\/\" \/>\n<meta property=\"og:site_name\" content=\"NanasChile\" \/>\n<meta property=\"article:publisher\" content=\"https:\/\/web.facebook.com\/regionesdechile\" \/>\n<meta property=\"article:modified_time\" content=\"2025-12-31T22:22:05+00:00\" \/>\n<meta property=\"og:image\" content=\"https:\/\/tusclicks.digital\/logos-tusclicks\/firma-footer.png\" \/>\n<meta name=\"twitter:card\" content=\"summary_large_image\" \/>\n<meta name=\"twitter:site\" content=\"@nanaschile\" \/>\n<meta name=\"twitter:label1\" content=\"Tiempo de lectura\" \/>\n\t<meta name=\"twitter:data1\" content=\"1 minuto\" \/>\n<script type=\"application\/ld+json\" class=\"yoast-schema-graph\">{\"@context\":\"https:\\\/\\\/schema.org\",\"@graph\":[{\"@type\":\"WebPage\",\"@id\":\"https:\\\/\\\/www.nanaschile.cl\\\/inicio\\\/agencia-de-empleo\\\/\",\"url\":\"https:\\\/\\\/www.nanaschile.cl\\\/inicio\\\/agencia-de-empleo\\\/\",\"name\":\"Agencia de Nanas, Puertas Adentro, Afuera, por d\u00edas. Cuidadoras\",\"isPartOf\":{\"@id\":\"https:\\\/\\\/www.nanaschile.cl\\\/inicio\\\/#website\"},\"primaryImageOfPage\":{\"@id\":\"https:\\\/\\\/www.nanaschile.cl\\\/inicio\\\/agencia-de-empleo\\\/#primaryimage\"},\"image\":{\"@id\":\"https:\\\/\\\/www.nanaschile.cl\\\/inicio\\\/agencia-de-empleo\\\/#primaryimage\"},\"thumbnailUrl\":\"https:\\\/\\\/tusclicks.digital\\\/logos-tusclicks\\\/firma-footer.png\",\"datePublished\":\"2025-07-01T06:49:31+00:00\",\"dateModified\":\"2025-12-31T22:22:05+00:00\",\"description\":\"Asesoras del hogar en Santiago, ni\u00f1eras, cuidadoras. Todas con Selecci\u00f3n psicol\u00f3gica. Especialistas en cuidado de ni\u00f1os y adultos mayores.\",\"breadcrumb\":{\"@id\":\"https:\\\/\\\/www.nanaschile.cl\\\/inicio\\\/agencia-de-empleo\\\/#breadcrumb\"},\"inLanguage\":\"es\",\"potentialAction\":[{\"@type\":\"ReadAction\",\"target\":[\"https:\\\/\\\/www.nanaschile.cl\\\/inicio\\\/agencia-de-empleo\\\/\"]}]},{\"@type\":\"ImageObject\",\"inLanguage\":\"es\",\"@id\":\"https:\\\/\\\/www.nanaschile.cl\\\/inicio\\\/agencia-de-empleo\\\/#primaryimage\",\"url\":\"https:\\\/\\\/tusclicks.digital\\\/logos-tusclicks\\\/firma-footer.png\",\"contentUrl\":\"https:\\\/\\\/tusclicks.digital\\\/logos-tusclicks\\\/firma-footer.png\"},{\"@type\":\"BreadcrumbList\",\"@id\":\"https:\\\/\\\/www.nanaschile.cl\\\/inicio\\\/agencia-de-empleo\\\/#breadcrumb\",\"itemListElement\":[{\"@type\":\"ListItem\",\"position\":1,\"name\":\"Home\",\"item\":\"https:\\\/\\\/www.nanaschile.cl\\\/inicio\\\/\"},{\"@type\":\"ListItem\",\"position\":2,\"name\":\"Contacto\"}]},{\"@type\":\"WebSite\",\"@id\":\"https:\\\/\\\/www.nanaschile.cl\\\/inicio\\\/#website\",\"url\":\"https:\\\/\\\/www.nanaschile.cl\\\/inicio\\\/\",\"name\":\"NanasChile\",\"description\":\"Agencia de nanas\",\"publisher\":{\"@id\":\"https:\\\/\\\/www.nanaschile.cl\\\/inicio\\\/#organization\"},\"potentialAction\":[{\"@type\":\"SearchAction\",\"target\":{\"@type\":\"EntryPoint\",\"urlTemplate\":\"https:\\\/\\\/www.nanaschile.cl\\\/inicio\\\/?s={search_term_string}\"},\"query-input\":{\"@type\":\"PropertyValueSpecification\",\"valueRequired\":true,\"valueName\":\"search_term_string\"}}],\"inLanguage\":\"es\"},{\"@type\":\"Organization\",\"@id\":\"https:\\\/\\\/www.nanaschile.cl\\\/inicio\\\/#organization\",\"name\":\"NanasChile\",\"url\":\"https:\\\/\\\/www.nanaschile.cl\\\/inicio\\\/\",\"logo\":{\"@type\":\"ImageObject\",\"inLanguage\":\"es\",\"@id\":\"https:\\\/\\\/www.nanaschile.cl\\\/inicio\\\/#\\\/schema\\\/logo\\\/image\\\/\",\"url\":\"https:\\\/\\\/www.nanaschile.cl\\\/inicio\\\/wp-content\\\/uploads\\\/2016\\\/08\\\/nanas-logo-2.png\",\"contentUrl\":\"https:\\\/\\\/www.nanaschile.cl\\\/inicio\\\/wp-content\\\/uploads\\\/2016\\\/08\\\/nanas-logo-2.png\",\"width\":106,\"height\":48,\"caption\":\"NanasChile\"},\"image\":{\"@id\":\"https:\\\/\\\/www.nanaschile.cl\\\/inicio\\\/#\\\/schema\\\/logo\\\/image\\\/\"},\"sameAs\":[\"https:\\\/\\\/web.facebook.com\\\/regionesdechile\",\"https:\\\/\\\/x.com\\\/nanaschile\"]}]}<\/script>\n<!-- \/ Yoast SEO plugin. -->","yoast_head_json":{"title":"Agencia de Nanas, Puertas Adentro, Afuera, por d\u00edas. Cuidadoras","description":"Asesoras del hogar en Santiago, ni\u00f1eras, cuidadoras. Todas con Selecci\u00f3n psicol\u00f3gica. Especialistas en cuidado de ni\u00f1os y adultos mayores.","robots":{"index":"index","follow":"follow","max-snippet":"max-snippet:-1","max-image-preview":"max-image-preview:large","max-video-preview":"max-video-preview:-1"},"canonical":"https:\/\/www.nanaschile.cl\/inicio\/agencia-de-empleo\/","og_locale":"es_ES","og_type":"article","og_title":"Agencia de Nanas, Puertas Adentro, Afuera, por d\u00edas. Cuidadoras","og_description":"Asesoras del hogar en Santiago, ni\u00f1eras, cuidadoras. Todas con Selecci\u00f3n psicol\u00f3gica. Especialistas en cuidado de ni\u00f1os y adultos mayores.","og_url":"https:\/\/www.nanaschile.cl\/inicio\/agencia-de-empleo\/","og_site_name":"NanasChile","article_publisher":"https:\/\/web.facebook.com\/regionesdechile","article_modified_time":"2025-12-31T22:22:05+00:00","og_image":[{"url":"https:\/\/tusclicks.digital\/logos-tusclicks\/firma-footer.png","type":"","width":"","height":""}],"twitter_card":"summary_large_image","twitter_site":"@nanaschile","twitter_misc":{"Tiempo de lectura":"1 minuto"},"schema":{"@context":"https:\/\/schema.org","@graph":[{"@type":"WebPage","@id":"https:\/\/www.nanaschile.cl\/inicio\/agencia-de-empleo\/","url":"https:\/\/www.nanaschile.cl\/inicio\/agencia-de-empleo\/","name":"Agencia de Nanas, Puertas Adentro, Afuera, por d\u00edas. Cuidadoras","isPartOf":{"@id":"https:\/\/www.nanaschile.cl\/inicio\/#website"},"primaryImageOfPage":{"@id":"https:\/\/www.nanaschile.cl\/inicio\/agencia-de-empleo\/#primaryimage"},"image":{"@id":"https:\/\/www.nanaschile.cl\/inicio\/agencia-de-empleo\/#primaryimage"},"thumbnailUrl":"https:\/\/tusclicks.digital\/logos-tusclicks\/firma-footer.png","datePublished":"2025-07-01T06:49:31+00:00","dateModified":"2025-12-31T22:22:05+00:00","description":"Asesoras del hogar en Santiago, ni\u00f1eras, cuidadoras. Todas con Selecci\u00f3n psicol\u00f3gica. Especialistas en cuidado de ni\u00f1os y adultos mayores.","breadcrumb":{"@id":"https:\/\/www.nanaschile.cl\/inicio\/agencia-de-empleo\/#breadcrumb"},"inLanguage":"es","potentialAction":[{"@type":"ReadAction","target":["https:\/\/www.nanaschile.cl\/inicio\/agencia-de-empleo\/"]}]},{"@type":"ImageObject","inLanguage":"es","@id":"https:\/\/www.nanaschile.cl\/inicio\/agencia-de-empleo\/#primaryimage","url":"https:\/\/tusclicks.digital\/logos-tusclicks\/firma-footer.png","contentUrl":"https:\/\/tusclicks.digital\/logos-tusclicks\/firma-footer.png"},{"@type":"BreadcrumbList","@id":"https:\/\/www.nanaschile.cl\/inicio\/agencia-de-empleo\/#breadcrumb","itemListElement":[{"@type":"ListItem","position":1,"name":"Home","item":"https:\/\/www.nanaschile.cl\/inicio\/"},{"@type":"ListItem","position":2,"name":"Contacto"}]},{"@type":"WebSite","@id":"https:\/\/www.nanaschile.cl\/inicio\/#website","url":"https:\/\/www.nanaschile.cl\/inicio\/","name":"NanasChile","description":"Agencia de nanas","publisher":{"@id":"https:\/\/www.nanaschile.cl\/inicio\/#organization"},"potentialAction":[{"@type":"SearchAction","target":{"@type":"EntryPoint","urlTemplate":"https:\/\/www.nanaschile.cl\/inicio\/?s={search_term_string}"},"query-input":{"@type":"PropertyValueSpecification","valueRequired":true,"valueName":"search_term_string"}}],"inLanguage":"es"},{"@type":"Organization","@id":"https:\/\/www.nanaschile.cl\/inicio\/#organization","name":"NanasChile","url":"https:\/\/www.nanaschile.cl\/inicio\/","logo":{"@type":"ImageObject","inLanguage":"es","@id":"https:\/\/www.nanaschile.cl\/inicio\/#\/schema\/logo\/image\/","url":"https:\/\/www.nanaschile.cl\/inicio\/wp-content\/uploads\/2016\/08\/nanas-logo-2.png","contentUrl":"https:\/\/www.nanaschile.cl\/inicio\/wp-content\/uploads\/2016\/08\/nanas-logo-2.png","width":106,"height":48,"caption":"NanasChile"},"image":{"@id":"https:\/\/www.nanaschile.cl\/inicio\/#\/schema\/logo\/image\/"},"sameAs":["https:\/\/web.facebook.com\/regionesdechile","https:\/\/x.com\/nanaschile"]}]}},"_links":{"self":[{"href":"https:\/\/www.nanaschile.cl\/inicio\/wp-json\/wp\/v2\/pages\/13","targetHints":{"allow":["GET"]}}],"collection":[{"href":"https:\/\/www.nanaschile.cl\/inicio\/wp-json\/wp\/v2\/pages"}],"about":[{"href":"https:\/\/www.nanaschile.cl\/inicio\/wp-json\/wp\/v2\/types\/page"}],"author":[{"embeddable":true,"href":"https:\/\/www.nanaschile.cl\/inicio\/wp-json\/wp\/v2\/users\/1"}],"replies":[{"embeddable":true,"href":"https:\/\/www.nanaschile.cl\/inicio\/wp-json\/wp\/v2\/comments?post=13"}],"version-history":[{"count":19,"href":"https:\/\/www.nanaschile.cl\/inicio\/wp-json\/wp\/v2\/pages\/13\/revisions"}],"predecessor-version":[{"id":991,"href":"https:\/\/www.nanaschile.cl\/inicio\/wp-json\/wp\/v2\/pages\/13\/revisions\/991"}],"wp:attachment":[{"href":"https:\/\/www.nanaschile.cl\/inicio\/wp-json\/wp\/v2\/media?parent=13"}],"curies":[{"name":"wp","href":"https:\/\/api.w.org\/{rel}","templated":true}]}}