{"id":7,"date":"2025-07-01T06:48:26","date_gmt":"2025-07-01T06:48:26","guid":{"rendered":"http:\/\/demos.artbees.net\/jupiter5\/carme\/?page_id=7"},"modified":"2025-12-27T21:29:37","modified_gmt":"2025-12-27T21:29:37","slug":"nana-puertas-afuera","status":"publish","type":"page","link":"https:\/\/www.nanaschile.cl\/inicio\/nana-puertas-afuera\/","title":{"rendered":"Quienes Somos"},"content":{"rendered":"[mk_page_section layout_structure=\u00bbhalf_left\u00bb bg_image=\u00bbhttps:\/\/www.nanaschile.cl\/inicio\/wp-content\/uploads\/2015\/09\/quienes-somos-3-min.jpg\u00bb bg_color=\u00bb#f0cac9&#8243;][vc_column][mk_padding_divider size=\u00bb80&#8243;][mk_fancy_title color=\u00bb#712b86&#8243; size=\u00bb45&#8243; force_font_size=\u00bbtrue\u00bb size_phone=\u00bb35&#8243; font_weight=\u00bbbold\u00bb txt_transform=\u00bbuppercase\u00bb margin_bottom=\u00bb10&#8243; font_family=\u00bbPlayfair+Display\u00bb font_type=\u00bbgoogle\u00bb align=\u00bbcenter\u00bb animation=\u00bbright-to-left\u00bb]QUIENES SOMOS[\/mk_fancy_title][mk_fancy_title color=\u00bb#222222&#8243; size=\u00bb18&#8243; font_style=\u00bbitalic\u00bb txt_transform=\u00bbnone\u00bb font_family=\u00bbPlayfair+Display\u00bb font_type=\u00bbgoogle\u00bb align=\u00bbcenter\u00bb animation=\u00bbbottom-to-top\u00bb]Acerca de Nuestra Empresa[\/mk_fancy_title][vc_column_text align=\u00bbcenter\u00bb animation=\u00bbbottom-to-top\u00bb]\n<div style=\"color: #999999; font-size: 16px; text-align: justify;\"><span style=\"color: #333333;\">Somos profesionales Psic\u00f3logas con m\u00e1s de 20 a\u00f1os de experiencia tanto en el trabajo cl\u00ednico como en el reclutamiento y selecci\u00f3n en el \u00e1rea laboral, en el asesoramiento tanto a grandes empresas como a personas naturales.<\/span><\/div>\n[\/vc_column_text][mk_padding_divider size=\u00bb80&#8243;][\/vc_column][\/mk_page_section][mk_page_section layout_structure=\u00bbhalf_right\u00bb bg_image=\u00bbhttps:\/\/www.nanaschile.cl\/inicio\/wp-content\/uploads\/2015\/09\/quienes-somos-2.jpg\u00bb bg_image_portrait=\u00bbhttps:\/\/www.nanaschile.cl\/inicio\/wp-content\/uploads\/2015\/09\/nanas-banner-17.jpg\u00bb bg_color=\u00bb#f0cac9&#8243;][vc_column][mk_padding_divider size=\u00bb80&#8243;][mk_fancy_title color=\u00bb#712b86&#8243; size=\u00bb45&#8243; force_font_size=\u00bbtrue\u00bb size_phone=\u00bb35&#8243; font_weight=\u00bbbold\u00bb txt_transform=\u00bbuppercase\u00bb margin_bottom=\u00bb10&#8243; font_family=\u00bbPlayfair+Display\u00bb font_type=\u00bbgoogle\u00bb align=\u00bbcenter\u00bb animation=\u00bbright-to-left\u00bb]CUBRIMOS TUS NECESIDADES[\/mk_fancy_title][vc_column_text align=\u00bbcenter\u00bb animation=\u00bbbottom-to-top\u00bb]\n<div style=\"color: #999999; font-size: 16px; text-align: justify;\"><span style=\"color: #000000;\">NanasChile es un portal creado hace m\u00e1s de 11 a\u00f1os por psic\u00f3logas profesionales con un prop\u00f3sito claro: entregar tranquilidad y confianza a las familias chilenas al momento de delegar el cuidado del hogar y los ni\u00f1os. Como madres y especialistas en salud mental, comprendemos profundamente que el bienestar emocional y laboral depende, en gran medida, de contar con personas confiables cuando no estamos presentes. Por eso, trabajamos con rigor y vocaci\u00f3n para ayudarte a encontrar el apoyo que tu familia necesita.<\/span><\/div>\n[\/vc_column_text][mk_padding_divider size=\u00bb80&#8243;][\/vc_column][\/mk_page_section][mk_page_section sidebar=\u00bbsidebar-1&#8243;][vc_column][mk_padding_divider size=\u00bb80&#8243;][mk_fancy_title color=\u00bb#712b86&#8243; size=\u00bb42&#8243; force_font_size=\u00bbtrue\u00bb size_phone=\u00bb32&#8243; txt_transform=\u00bbuppercase\u00bb letter_spacing=\u00bb2&#8243; margin_bottom=\u00bb30&#8243; font_family=\u00bbPlayfair+Display\u00bb font_type=\u00bbgoogle\u00bb align=\u00bbcenter\u00bb animation=\u00bbright-to-left\u00bb]OFRECEMOS UN SERVICIO INTEGRAL[\/mk_fancy_title][\/vc_column][vc_column width=\u00bb1\/3&#8243;][mk_font_icons icon=\u00bbmk-moon-checkbox-checked-2&#8243; color=\u00bb#ffffff\u00bb size=\u00bbx-large\u00bb margin_horizental=\u00bb0&#8243; margin_vertical=\u00bb0&#8243; circle=\u00bbtrue\u00bb circle_color=\u00bb#712b86&#8243; circle_border_width=\u00bb2&#8243; circle_border_color=\u00bb#670087&#8243; align=\u00bbcenter\u00bb link=\u00bbhttps:\/\/www.nanaschile.cl\/inicio\/servicio\/\u00bb animation=\u00bbtop-to-bottom\u00bb][mk_divider style=\u00bbthin_solid\u00bb divider_width=\u00bbcustom_width\u00bb custom_width=\u00bb50&#8243; margin_top=\u00bb30&#8243; margin_bottom=\u00bb30&#8243;][vc_column_text align=\u00bbcenter\u00bb animation=\u00bbbottom-to-top\u00bb]\n<div style=\"color: #999999; font-size: 16px; text-align: justify;\">Para ello, todas nuestras nanas son evaluadas mediante una entrevista psicol\u00f3gica profesional, considerada la herramienta m\u00e1s efectiva para identificar posibles trastornos o rasgos de personalidad que no se ajusten al perfil esperado en una asesora del hogar.<\/div>\n[\/vc_column_text][mk_padding_divider size=\u00bb80&#8243;][\/vc_column][vc_column width=\u00bb1\/3&#8243;][mk_font_icons icon=\u00bbmk-moon-checkbox-checked-2&#8243; color=\u00bb#ffffff\u00bb size=\u00bbx-large\u00bb margin_horizental=\u00bb0&#8243; margin_vertical=\u00bb0&#8243; circle=\u00bbtrue\u00bb circle_color=\u00bb#712b86&#8243; circle_border_width=\u00bb2&#8243; circle_border_color=\u00bb#670087&#8243; align=\u00bbcenter\u00bb link=\u00bbhttp:\/\/www.nanaschile.cl\/inicio\/servicio\/\u00bb animation=\u00bbtop-to-bottom\u00bb][mk_divider style=\u00bbthin_solid\u00bb divider_width=\u00bbcustom_width\u00bb custom_width=\u00bb50&#8243; margin_top=\u00bb30&#8243; margin_bottom=\u00bb30&#8243;][vc_column_text align=\u00bbcenter\u00bb animation=\u00bbbottom-to-top\u00bb]\n<div style=\"color: #999999; font-size: 16px; text-align: justify;\">Adem\u00e1s de ser la \u00fanica agencia que ofrece nanas evaluadas por psic\u00f3logas, verificamos sus antecedentes penales y laborales para asegurar un servicio con los m\u00e1s altos est\u00e1ndares. Y contamos con la mejor garant\u00eda del mercado: \u00a1dos meses sin l\u00edmite de cambios!<\/div>\n[\/vc_column_text][mk_padding_divider size=\u00bb80&#8243;][\/vc_column][vc_column width=\u00bb1\/3&#8243;][mk_font_icons icon=\u00bbmk-moon-checkbox-checked-2&#8243; color=\u00bb#ffffff\u00bb size=\u00bbx-large\u00bb margin_horizental=\u00bb0&#8243; margin_vertical=\u00bb0&#8243; circle=\u00bbtrue\u00bb circle_color=\u00bb#712b86&#8243; circle_border_width=\u00bb2&#8243; circle_border_color=\u00bb#670087&#8243; align=\u00bbcenter\u00bb link=\u00bbhttps:\/\/www.nanaschile.cl\/inicio\/servicio\/\u00bb animation=\u00bbtop-to-bottom\u00bb][mk_divider style=\u00bbthin_solid\u00bb divider_width=\u00bbcustom_width\u00bb custom_width=\u00bb50&#8243; margin_top=\u00bb30&#8243; margin_bottom=\u00bb30&#8243;][vc_column_text align=\u00bbcenter\u00bb animation=\u00bbbottom-to-top\u00bb]\n<div style=\"color: #999999; font-size: 16px; text-align: justify;\"><\/div>\n<div style=\"color: #999999; font-size: 16px; text-align: justify;\">Nuestra misi\u00f3n es ofrecer una soluci\u00f3n eficiente, confiable y de alta calidad a las familias chilenas, especialmente a quienes requieren con urgencia asesoras del hogar responsables y con respaldo psicol\u00f3gico y profesional.<\/div>\n[\/vc_column_text][mk_padding_divider size=\u00bb80&#8243;][\/vc_column][\/mk_page_section]\n","protected":false},"excerpt":{"rendered":"<p>[mk_page_section layout_structure=\u00bbhalf_left\u00bb bg_image=\u00bbhttps:\/\/www.nanaschile.cl\/inicio\/wp-content\/uploads\/2015\/09\/quienes-somos-3-min.jpg\u00bb bg_color=\u00bb#f0cac9&#8243;][vc_column][mk_padding_divider size=\u00bb80&#8243;][mk_fancy_title color=\u00bb#712b86&#8243; size=\u00bb45&#8243; force_font_size=\u00bbtrue\u00bb size_phone=\u00bb35&#8243; font_weight=\u00bbbold\u00bb txt_transform=\u00bbuppercase\u00bb margin_bottom=\u00bb10&#8243; font_family=\u00bbPlayfair+Display\u00bb font_type=\u00bbgoogle\u00bb align=\u00bbcenter\u00bb animation=\u00bbright-to-left\u00bb]QUIENES SOMOS[\/mk_fancy_title][mk_fancy_title color=\u00bb#222222&#8243; size=\u00bb18&#8243; font_style=\u00bbitalic\u00bb txt_transform=\u00bbnone\u00bb font_family=\u00bbPlayfair+Display\u00bb font_type=\u00bbgoogle\u00bb align=\u00bbcenter\u00bb animation=\u00bbbottom-to-top\u00bb]Acerca de Nuestra Empresa[\/mk_fancy_title][vc_column_text align=\u00bbcenter\u00bb animation=\u00bbbottom-to-top\u00bb] Somos profesionales Psic\u00f3logas con m\u00e1s de 20 a\u00f1os de experiencia tanto en el trabajo cl\u00ednico como en el reclutamiento y selecci\u00f3n en el \u00e1rea laboral, [&hellip;]<\/p>\n","protected":false},"author":1,"featured_media":0,"parent":0,"menu_order":0,"comment_status":"closed","ping_status":"closed","template":"","meta":{"footnotes":""},"class_list":["post-7","page","type-page","status-publish","hentry"],"yoast_head":"<!-- This site is optimized with the Yoast SEO plugin v27.5 - https:\/\/yoast.com\/product\/yoast-seo-wordpress\/ -->\n<title>Agencia de Nanas en Chile | Nanas Chile<\/title>\n<meta name=\"description\" content=\"Somos psic\u00f3logas con m\u00e1s de 20 a\u00f1os de experiencia en la selecci\u00f3n especializada de nanas y asesoras del hogar en Santiago.\" \/>\n<meta name=\"robots\" content=\"index, follow, max-snippet:-1, max-image-preview:large, max-video-preview:-1\" \/>\n<link rel=\"canonical\" href=\"https:\/\/www.nanaschile.cl\/inicio\/nana-puertas-afuera\/\" \/>\n<meta property=\"og:locale\" content=\"es_ES\" \/>\n<meta property=\"og:type\" content=\"article\" \/>\n<meta property=\"og:title\" content=\"Agencia de Nanas en Chile | Nanas Chile\" \/>\n<meta property=\"og:description\" content=\"Somos psic\u00f3logas con m\u00e1s de 20 a\u00f1os de experiencia en la selecci\u00f3n especializada de nanas y asesoras del hogar en Santiago.\" \/>\n<meta property=\"og:url\" content=\"https:\/\/www.nanaschile.cl\/inicio\/nana-puertas-afuera\/\" \/>\n<meta property=\"og:site_name\" content=\"NanasChile\" \/>\n<meta property=\"article:publisher\" content=\"https:\/\/web.facebook.com\/regionesdechile\" \/>\n<meta property=\"article:modified_time\" content=\"2025-12-27T21:29:37+00:00\" \/>\n<meta name=\"twitter:card\" content=\"summary_large_image\" \/>\n<meta name=\"twitter:site\" content=\"@nanaschile\" \/>\n<meta name=\"twitter:label1\" content=\"Tiempo de lectura\" \/>\n\t<meta name=\"twitter:data1\" content=\"2 minutos\" \/>\n<script type=\"application\/ld+json\" class=\"yoast-schema-graph\">{\"@context\":\"https:\\\/\\\/schema.org\",\"@graph\":[{\"@type\":\"WebPage\",\"@id\":\"https:\\\/\\\/www.nanaschile.cl\\\/inicio\\\/nana-puertas-afuera\\\/\",\"url\":\"https:\\\/\\\/www.nanaschile.cl\\\/inicio\\\/nana-puertas-afuera\\\/\",\"name\":\"Agencia de Nanas en Chile | Nanas Chile\",\"isPartOf\":{\"@id\":\"https:\\\/\\\/www.nanaschile.cl\\\/inicio\\\/#website\"},\"datePublished\":\"2025-07-01T06:48:26+00:00\",\"dateModified\":\"2025-12-27T21:29:37+00:00\",\"description\":\"Somos psic\u00f3logas con m\u00e1s de 20 a\u00f1os de experiencia en la selecci\u00f3n especializada de nanas y asesoras del hogar en Santiago.\",\"breadcrumb\":{\"@id\":\"https:\\\/\\\/www.nanaschile.cl\\\/inicio\\\/nana-puertas-afuera\\\/#breadcrumb\"},\"inLanguage\":\"es\",\"potentialAction\":[{\"@type\":\"ReadAction\",\"target\":[\"https:\\\/\\\/www.nanaschile.cl\\\/inicio\\\/nana-puertas-afuera\\\/\"]}]},{\"@type\":\"BreadcrumbList\",\"@id\":\"https:\\\/\\\/www.nanaschile.cl\\\/inicio\\\/nana-puertas-afuera\\\/#breadcrumb\",\"itemListElement\":[{\"@type\":\"ListItem\",\"position\":1,\"name\":\"Home\",\"item\":\"https:\\\/\\\/www.nanaschile.cl\\\/inicio\\\/\"},{\"@type\":\"ListItem\",\"position\":2,\"name\":\"Quienes Somos\"}]},{\"@type\":\"WebSite\",\"@id\":\"https:\\\/\\\/www.nanaschile.cl\\\/inicio\\\/#website\",\"url\":\"https:\\\/\\\/www.nanaschile.cl\\\/inicio\\\/\",\"name\":\"NanasChile\",\"description\":\"Agencia de nanas\",\"publisher\":{\"@id\":\"https:\\\/\\\/www.nanaschile.cl\\\/inicio\\\/#organization\"},\"potentialAction\":[{\"@type\":\"SearchAction\",\"target\":{\"@type\":\"EntryPoint\",\"urlTemplate\":\"https:\\\/\\\/www.nanaschile.cl\\\/inicio\\\/?s={search_term_string}\"},\"query-input\":{\"@type\":\"PropertyValueSpecification\",\"valueRequired\":true,\"valueName\":\"search_term_string\"}}],\"inLanguage\":\"es\"},{\"@type\":\"Organization\",\"@id\":\"https:\\\/\\\/www.nanaschile.cl\\\/inicio\\\/#organization\",\"name\":\"NanasChile\",\"url\":\"https:\\\/\\\/www.nanaschile.cl\\\/inicio\\\/\",\"logo\":{\"@type\":\"ImageObject\",\"inLanguage\":\"es\",\"@id\":\"https:\\\/\\\/www.nanaschile.cl\\\/inicio\\\/#\\\/schema\\\/logo\\\/image\\\/\",\"url\":\"https:\\\/\\\/www.nanaschile.cl\\\/inicio\\\/wp-content\\\/uploads\\\/2016\\\/08\\\/nanas-logo-2.png\",\"contentUrl\":\"https:\\\/\\\/www.nanaschile.cl\\\/inicio\\\/wp-content\\\/uploads\\\/2016\\\/08\\\/nanas-logo-2.png\",\"width\":106,\"height\":48,\"caption\":\"NanasChile\"},\"image\":{\"@id\":\"https:\\\/\\\/www.nanaschile.cl\\\/inicio\\\/#\\\/schema\\\/logo\\\/image\\\/\"},\"sameAs\":[\"https:\\\/\\\/web.facebook.com\\\/regionesdechile\",\"https:\\\/\\\/x.com\\\/nanaschile\"]}]}<\/script>\n<!-- \/ Yoast SEO plugin. -->","yoast_head_json":{"title":"Agencia de Nanas en Chile | Nanas Chile","description":"Somos psic\u00f3logas con m\u00e1s de 20 a\u00f1os de experiencia en la selecci\u00f3n especializada de nanas y asesoras del hogar en Santiago.","robots":{"index":"index","follow":"follow","max-snippet":"max-snippet:-1","max-image-preview":"max-image-preview:large","max-video-preview":"max-video-preview:-1"},"canonical":"https:\/\/www.nanaschile.cl\/inicio\/nana-puertas-afuera\/","og_locale":"es_ES","og_type":"article","og_title":"Agencia de Nanas en Chile | Nanas Chile","og_description":"Somos psic\u00f3logas con m\u00e1s de 20 a\u00f1os de experiencia en la selecci\u00f3n especializada de nanas y asesoras del hogar en Santiago.","og_url":"https:\/\/www.nanaschile.cl\/inicio\/nana-puertas-afuera\/","og_site_name":"NanasChile","article_publisher":"https:\/\/web.facebook.com\/regionesdechile","article_modified_time":"2025-12-27T21:29:37+00:00","twitter_card":"summary_large_image","twitter_site":"@nanaschile","twitter_misc":{"Tiempo de lectura":"2 minutos"},"schema":{"@context":"https:\/\/schema.org","@graph":[{"@type":"WebPage","@id":"https:\/\/www.nanaschile.cl\/inicio\/nana-puertas-afuera\/","url":"https:\/\/www.nanaschile.cl\/inicio\/nana-puertas-afuera\/","name":"Agencia de Nanas en Chile | Nanas Chile","isPartOf":{"@id":"https:\/\/www.nanaschile.cl\/inicio\/#website"},"datePublished":"2025-07-01T06:48:26+00:00","dateModified":"2025-12-27T21:29:37+00:00","description":"Somos psic\u00f3logas con m\u00e1s de 20 a\u00f1os de experiencia en la selecci\u00f3n especializada de nanas y asesoras del hogar en Santiago.","breadcrumb":{"@id":"https:\/\/www.nanaschile.cl\/inicio\/nana-puertas-afuera\/#breadcrumb"},"inLanguage":"es","potentialAction":[{"@type":"ReadAction","target":["https:\/\/www.nanaschile.cl\/inicio\/nana-puertas-afuera\/"]}]},{"@type":"BreadcrumbList","@id":"https:\/\/www.nanaschile.cl\/inicio\/nana-puertas-afuera\/#breadcrumb","itemListElement":[{"@type":"ListItem","position":1,"name":"Home","item":"https:\/\/www.nanaschile.cl\/inicio\/"},{"@type":"ListItem","position":2,"name":"Quienes Somos"}]},{"@type":"WebSite","@id":"https:\/\/www.nanaschile.cl\/inicio\/#website","url":"https:\/\/www.nanaschile.cl\/inicio\/","name":"NanasChile","description":"Agencia de nanas","publisher":{"@id":"https:\/\/www.nanaschile.cl\/inicio\/#organization"},"potentialAction":[{"@type":"SearchAction","target":{"@type":"EntryPoint","urlTemplate":"https:\/\/www.nanaschile.cl\/inicio\/?s={search_term_string}"},"query-input":{"@type":"PropertyValueSpecification","valueRequired":true,"valueName":"search_term_string"}}],"inLanguage":"es"},{"@type":"Organization","@id":"https:\/\/www.nanaschile.cl\/inicio\/#organization","name":"NanasChile","url":"https:\/\/www.nanaschile.cl\/inicio\/","logo":{"@type":"ImageObject","inLanguage":"es","@id":"https:\/\/www.nanaschile.cl\/inicio\/#\/schema\/logo\/image\/","url":"https:\/\/www.nanaschile.cl\/inicio\/wp-content\/uploads\/2016\/08\/nanas-logo-2.png","contentUrl":"https:\/\/www.nanaschile.cl\/inicio\/wp-content\/uploads\/2016\/08\/nanas-logo-2.png","width":106,"height":48,"caption":"NanasChile"},"image":{"@id":"https:\/\/www.nanaschile.cl\/inicio\/#\/schema\/logo\/image\/"},"sameAs":["https:\/\/web.facebook.com\/regionesdechile","https:\/\/x.com\/nanaschile"]}]}},"_links":{"self":[{"href":"https:\/\/www.nanaschile.cl\/inicio\/wp-json\/wp\/v2\/pages\/7","targetHints":{"allow":["GET"]}}],"collection":[{"href":"https:\/\/www.nanaschile.cl\/inicio\/wp-json\/wp\/v2\/pages"}],"about":[{"href":"https:\/\/www.nanaschile.cl\/inicio\/wp-json\/wp\/v2\/types\/page"}],"author":[{"embeddable":true,"href":"https:\/\/www.nanaschile.cl\/inicio\/wp-json\/wp\/v2\/users\/1"}],"replies":[{"embeddable":true,"href":"https:\/\/www.nanaschile.cl\/inicio\/wp-json\/wp\/v2\/comments?post=7"}],"version-history":[{"count":15,"href":"https:\/\/www.nanaschile.cl\/inicio\/wp-json\/wp\/v2\/pages\/7\/revisions"}],"predecessor-version":[{"id":1110,"href":"https:\/\/www.nanaschile.cl\/inicio\/wp-json\/wp\/v2\/pages\/7\/revisions\/1110"}],"wp:attachment":[{"href":"https:\/\/www.nanaschile.cl\/inicio\/wp-json\/wp\/v2\/media?parent=7"}],"curies":[{"name":"wp","href":"https:\/\/api.w.org\/{rel}","templated":true}]}}